{"id":318,"date":"2020-04-30T12:43:18","date_gmt":"2020-04-30T12:43:18","guid":{"rendered":"https:\/\/zavex.ro\/?page_id=318"},"modified":"2024-09-22T16:10:17","modified_gmt":"2024-09-22T16:10:17","slug":"servicii-transfer-afaceri","status":"publish","type":"page","link":"https:\/\/zavex.ro\/ro_ro\/servicii-transfer-afaceri\/","title":{"rendered":"Servicii transfer"},"content":{"rendered":"<figure class=\"wp-block-table is-style-stripes\">\n<table class=\"has-subtle-pale-pink-background-color has-background\">\n<tbody>\n<tr>\n<td><strong>Preg\u0103tirea afacerii de v\u00e2nzare<\/strong><\/td>\n<\/tr>\n<tr>\n<td><strong>Consultan\u021b\u0103 \u0219i Culegerea Datelor necesare<\/strong><\/td>\n<\/tr>\n<tr>\n<td>Completarea formularului cu informa\u021biile necesare<\/td>\n<td>Client\/broker<\/td>\n<td><\/td>\n<td><\/td>\n<\/tr>\n<tr>\n<td>Consultan\u021b\u0103 cu V\u00e2nz\u0103torul<\/td>\n<td>Online \/ Onsite<\/td>\n<td><\/td>\n<td><\/td>\n<\/tr>\n<tr>\n<td>Vizita la Afacere<\/td>\n<td>Broker<\/td>\n<td><\/td>\n<td><\/td>\n<\/tr>\n<tr>\n<td>Pozele necesare promov\u0103rii<\/td>\n<td>Client\/broker<\/td>\n<td><\/td>\n<td><\/td>\n<\/tr>\n<tr>\n<td><strong>Evaluare<\/strong><\/td>\n<\/tr>\n<tr>\n<td>Analiz\u0103 posibil pre\u021b pentru listarea afacerii<\/td>\n<td>Broker<\/td>\n<td><\/td>\n<td><\/td>\n<\/tr>\n<tr>\n<td>Analiz\u0103 posibil pre\u021b proprietate imobiliar\u0103<\/td>\n<td>Broker<\/td>\n<td><\/td>\n<td><\/td>\n<\/tr>\n<tr>\n<td>Evaluare afacere cu evaluator ANEVAR<\/td>\n<td>Oferta personalizata<\/td>\n<td><\/td>\n<td><\/td>\n<\/tr>\n<tr>\n<td><strong>Consultan\u021b\u0103 Fiscal\u0103<\/strong><\/td>\n<td>Oferta personalizata<\/td>\n<td><\/td>\n<td><\/td>\n<\/tr>\n<tr>\n<td><strong>Consultan\u021b\u0103 Juridic\u0103<\/strong><\/td>\n<td>Oferta personalizata<\/td>\n<td><\/td>\n<td><\/td>\n<\/tr>\n<tr>\n<td><strong>Consultan\u021b\u0103 pentru pozi\u021bionarea afacerii online<\/strong><\/td>\n<td>Oferta personalizata<\/td>\n<td><\/td>\n<td><\/td>\n<\/tr>\n<tr>\n<td><strong>Teaser (prezentarea sumar\u0103 a afacerii)<\/strong><\/td>\n<td>Broker<\/td>\n<td><\/td>\n<td><\/td>\n<\/tr>\n<tr>\n<td><strong>Memorandum de informare (Prezentarea detaliat\u0103 a afacerii)<\/strong><\/td>\n<td>Oferta personalizata<\/td>\n<td><\/td>\n<td><\/td>\n<\/tr>\n<tr>\n<td>Traducerea IM \u00een englez\u0103<\/td>\n<td>25 Lei \/ pagina<\/td>\n<td><\/td>\n<td><\/td>\n<\/tr>\n<tr>\n<td><strong>Promovarea pentru identificarea cump\u0103r\u0103torilor<\/strong><\/td>\n<\/tr>\n<tr>\n<td><strong>Listarea \u0219i promovarea afacerii<\/strong><\/td>\n<\/tr>\n<tr>\n<td>Listare Site<\/td>\n<td>Broker<\/td>\n<td><\/td>\n<td><\/td>\n<\/tr>\n<tr>\n<td><\/td>\n<td><\/td>\n<td><\/td>\n<td><\/td>\n<\/tr>\n<tr>\n<td><\/td>\n<td><\/td>\n<td><\/td>\n<td><\/td>\n<\/tr>\n<tr>\n<td><\/td>\n<td><\/td>\n<td><\/td>\n<td><\/td>\n<\/tr>\n<tr>\n<td><\/td>\n<td><\/td>\n<td><\/td>\n<td><\/td>\n<\/tr>\n<tr>\n<td>BusinessForSale.com (interna\u021bional)<\/td>\n<td>Ofert\u0103 personalizat\u0103<\/td>\n<td><\/td>\n<td><\/td>\n<\/tr>\n<tr>\n<td>Facebook (dac\u0103 este necesar)<\/td>\n<td>Ofert\u0103 personalizat\u0103<\/td>\n<td><\/td>\n<td><\/td>\n<\/tr>\n<tr>\n<td><strong>Contactarea direct\u0103 a posibililor cump\u0103r\u0103tori<\/strong><\/td>\n<td>Broker<\/td>\n<td><\/td>\n<td><\/td>\n<\/tr>\n<tr>\n<td><strong>Contact direct cu posibilii cump\u0103r\u0103tori<\/strong><\/td>\n<\/tr>\n<tr>\n<td><strong>Calificarea cump\u0103r\u0103torilor<\/strong><\/td>\n<td>Broker<\/td>\n<td><\/td>\n<td><\/td>\n<\/tr>\n<tr>\n<td><strong>Editarea NDA \u0219i semnarea acestuia<\/strong><\/td>\n<td>Broker<\/td>\n<td><\/td>\n<td><\/td>\n<\/tr>\n<tr>\n<td><strong>Prezentarea detaliilor afacerii de v\u00e2nzare*<\/strong><\/td>\n<td>Broker<\/td>\n<td><\/td>\n<td><\/td>\n<\/tr>\n<tr>\n<td><\/td>\n<\/tr>\n<tr>\n<td><strong>Sortare \/ Analiz\u0103 LOI ( scrisoare de inten\u021bie )<\/strong><\/td>\n<td>Broker<\/td>\n<td><\/td>\n<td><\/td>\n<\/tr>\n<tr>\n<td><strong>Contra-ofert\u0103 \/ Negocierea termenilor<\/strong><\/td>\n<td>Broker<\/td>\n<td><\/td>\n<td><\/td>\n<\/tr>\n<tr>\n<td><strong>Antecontractul de V\u00e2nzare-Cump\u0103rare<\/strong><\/td>\n<td>Broker<\/td>\n<td><\/td>\n<td><\/td>\n<\/tr>\n<tr>\n<td><\/td>\n<\/tr>\n<tr>\n<td><strong>Perioada de Due Diligence<\/strong><\/td>\n<td>Broker<\/td>\n<td><\/td>\n<td><\/td>\n<\/tr>\n<tr>\n<td><strong>Asisten\u021b\u0103 cu actele necesare ONRC<\/strong><\/td>\n<td>Oferta personalizata<\/td>\n<td><\/td>\n<td><\/td>\n<\/tr>\n<tr>\n<td><strong>Ajutor ob\u021binere autoriza\u021bii, aprob\u0103ri, etc<\/strong><\/td>\n<td>Ofert\u0103 personalizat\u0103<\/td>\n<td><\/td>\n<td><\/td>\n<\/tr>\n<tr>\n<td><strong>Asisten\u021b\u0103 servicii notariale pentru imobiliare<\/strong><\/td>\n<td>Cu notar<\/td>\n<td><\/td>\n<td><\/td>\n<\/tr>\n<tr>\n<td><strong>Contractul de V\u00e2nzare-Cump\u0103rare<\/strong><\/td>\n<td>Broker<\/td>\n<td><\/td>\n<td><\/td>\n<\/tr>\n<tr>\n<td><strong>Centralizatorul financiar &#8211; distribuire fonduri<\/strong><\/td>\n<td>Broker<\/td>\n<td><\/td>\n<td><\/td>\n<\/tr>\n<\/tbody>\n<\/table>\n<\/figure>\n<h2>Descriere servicii<\/h2>\n<p>Un Business Broker \u00eencearca sa c\u00e2stige un comision prin gasirea unui Cumparator pentru Afacerea V\u00e2nzatorului, la cel mai \u00eenalt pret posibil, \u00een conditiile cele mai bune pentru acesta. Comisionul practicat de firma noastra este de 3% din valoarea tranzactiei si poate fi un comision de succes si totodata negociat, de la caz la caz. Pentru a realiza acest obiectiv, Business Brokerul face \u00een mod<br \/>\nobisnuit urmatoarele:<\/p>\n<p><strong>ETAPA I A COLABORARII \u2013 Preg\u0103tirea Afacerii<\/strong><br \/>\nAceasta prim\u0103 etapa de colaborare in vederea v\u00e2nz\u0103rii afacerii este compusa din:<\/p>\n<p>1) Identifica Afacerea Beneficiarului \u0219i face demersurile necesare preg\u0103tirii acesteia pentru procesul de transfer \u0219i contactul cu un poten\u021bial Cump\u0103r\u0103tor.<\/p>\n<p>2 ) Asista si \u00eendruma Beneficiarul pe parcursul \u00eentregului proces de transfer al Afacerii \u0219i recomanda solu\u021bii de \u00eembun\u0103t\u0103\u021bire a acesteia.<\/p>\n<p>3) Preg\u0103te\u0219te \u00eempreuna cu Beneficiarul documentele necesare transferului Afacerii. In acest sens prezinta Beneficiarului un chestionar de prezentare a Afacerii \u0219i alte formulare de evaluare a Afacerii care sunt necesare opera\u021biunii de evaluare si transfer a acesteia.<\/p>\n<p>4) Pe baza informa\u021bilor ob\u021binute de la Beneficiar, elaboreaz\u0103 un Memorandum de Informare (MI) care cuprinde informa\u021bii realiste despre Afacere, document care urmeaz\u0103 a fi pus la dispozi\u021bia poten\u021bialilor cump\u0103r\u0103tori. Anexat acestei Oferte ave\u021bi informa\u021biile incluse in Memorandum de Informare.<\/p>\n<p>5) Creeaz\u0103 un Centralizator cu informa\u021biile financiare generale ale Afacerii.<\/p>\n<p>6) Preg\u0103te\u0219te \u00eempreuna cu Beneficiarul Anexele Contractului de V\u00e2nzare\/Cump\u0103rare cu privire la:<\/p>\n<p>a) Autoriza\u021bii, Avize, Aprob\u0103ri necesare pentru func\u021bionare<\/p>\n<p>b) Totalul crean\u021belor \/ Lista complet\u0103 a datoriilor<\/p>\n<p>c) Lista furnizorilor de utilit\u0103\u021bi necesare func\u021bionarii<\/p>\n<p>d) Lista salaria\u021bilor cu identificarea postului, atribu\u021biilor, retribui\u021bii, modul de \u00eencadrare etc<\/p>\n<p>e) Inventarul Mijloacelor Fixe (Active Corporale) \u0219i Materiile Prime<\/p>\n<p>f) Valorile Imobiliare \u0219i\/sau Contractele de \u00cenchiriere<\/p>\n<p>g) Orice alte informa\u021bii in func\u021bie de particularit\u0103\u021bile Afacerii<\/p>\n<p>7) Atunci c\u00e2nd este nevoie \u0219i Beneficiarul solicita sau aproba la sugestia Agentului (dup\u0103 caz), va sugera profesioni\u0219ti necesari:<br \/>\nanali\u0219ti financiari, contabili, avoca\u021bi, agen\u021bi imobiliari, firme \u0219i persoane specializate \u00een toate domeniile de consultan\u021b\u0103 necesare. Ace\u0219tia vor negocia condi\u021biile de colaborare, inclusiv retribuirea lor, direct cu Beneficiarul care va fi asistat de Agent.<\/p>\n<p>8) Consiliaz\u0103 Beneficiarul si realizeaz\u0103 \u00eempreuna cu acesta o evaluare a pre\u021bului de v\u00e2nzare al Afacerii. Dac\u0103 este nevoie sau cerut de Beneficiar, se poate apela la serviciile unui expert evaluator specialitatea evalu\u0103ri societ\u0103\u021bi comerciale. Acesta va negocia condi\u021biile de colaborare, inclusiv retribuirea lor, direct cu Beneficiarul care va fi asistat de Agent.<\/p>\n<p>9) Asist\u0103 Beneficiarul, dac\u0103 acesta o dore\u0219te, \u00een procesul de precalificare a Afacerii la o posibil\u0103 finan\u021bare cu o unitate bancara in vederea cre\u0219terii vandabilit\u0103\u021bii Afacerii prin identificarea mai facila a unui cump\u0103r\u0103tor.<\/p>\n<p>10) Pornind de la varianta extins\u0103 a Memorandum de Informare (MI), elaboreaz\u0103 o varianta concise\/sintetica denumita Teaser, care va fi<br \/>\npromovata\/mediatizat\u0103 in vederea identific\u0103rii unui poten\u021bial cump\u0103r\u0103tor.<\/p>\n<p>11) Preg\u0103te\u0219te materialele de prezentare necesare ale Afacerii propuse spre v\u00e2nzare si se consulta cu Beneficiarul pentru aprobarea lor.<br \/>\nPentru aceasta etapa a colabor\u0103rii se va achita o suma fixa , in valoare de (negociabil) RON. Acest comision se achita in procent de 50% la semnarea contractului iar diferen\u021ba odat\u0103 cu \u00eencheierea acestei etape.<\/p>\n<p><strong>ETAPA II A COLABORARII \u2013 Asistarea Personalizata a Beneficiarului de c\u0103tre Business Broker<\/strong><\/p>\n<p>Aceasta etapa este compusa din:<\/p>\n<p>12) Afi\u0219eaz\u0103 Afacerea spre v\u00e2nzare, pe site-ul de specialitate \u0219i alte metode necesare de promovare. Actualizeaz\u0103 baza de date \u0219i platforma online de v\u00e2nz\u0103ri de cate ori este nevoie.<\/p>\n<p>13) Prospecteaz\u0103 pia\u021ba pentru a identifica poten\u021biali clien\u021bi. Se asigur\u0103 c\u0103 ace\u0219tia sunt preselecta\u021bi astfel \u00eenc\u00e2t s\u0103 fie califica\u021bi din punct de vedere financiar pentru a cump\u0103ra Afacerea.<\/p>\n<p>14) In situa\u021bia in care un poten\u021bial cump\u0103r\u0103tor dore\u0219te mai multe informa\u021bii despre Afacere, programeaz\u0103 semnarea de c\u0103tre cump\u0103r\u0103tor a Acordului de Confiden\u021bialitate pentru primirea pachetului Memorandum de Informare (MI).<\/p>\n<p>15) Programeaz\u0103 \u00eent\u00e2lnirile de prezentare a Afacerii. Asist\u0103 Beneficiarul (\u015fi eventual echipa sa de speciali\u0219ti) \u00een prezentarea Afacerii \u015fi \u00een rela\u021bia acestuia cu cump\u0103r\u0103torul.<\/p>\n<p>16) Prezinta Beneficiarului, poten\u021bialii cump\u0103r\u0103tori identifica\u021bi \u0219i ofertele acestora. Asista Beneficiarul la selec\u021bia celei mai bune oferte.<\/p>\n<p>17) Dup\u0103 selectarea cump\u0103r\u0103torului, asist\u0103 Beneficiarului (\u015fi eventual echipa sa de speciali\u0219ti) \u00een rela\u021bia cu acesta \u015fi \u00een procesul de<br \/>\nDue-Dilligence al acestuia.<\/p>\n<p>18) Asist\u0103 Beneficiarul la negocierea condi\u021biilor \u0219i a pre\u021bului.<\/p>\n<p>19) Dup\u0103 \u00eencheierea negocierilor cu un acord \u00eentre cele doua p\u0103r\u021bi, asist\u0103 V\u00e2nz\u0103torul \u00een procesul de transfer efectiv al Afacerii prin Agen\u021bia Escrow p\u00e2n\u0103 la semnarea documentelor finale de v\u00e2nzare cump\u0103rare.<\/p>\n<p>Pentru serviciile din aceasta etapa se va percepe un comision de succes in cuantum de (negociabil)% din Pre\u021bul agreat si pl\u0103tit de c\u0103tre Cump\u0103r\u0103tor, care va fi datorat in situa\u021bia transferului si \u00eencheierii efective a Contractului de V\u00e2nzare Cump\u0103rare a Afacerii cu un client gestionat de c\u0103tre Business Broker.<\/p>\n<p>La semnarea Contractului de Colaborare pute\u021bi acorda drept exclusivitate Agen\u021biei de Brokeraj cu privire la activit\u0103\u021bile ce fac obiectul acestei colabor\u0103ri. Prin aceasta, va obliga\u021bi ca pe \u00eentreaga perioada contractuala sa nu \u00eencheia\u021bi nici un fel de contracte de prest\u0103ri servicii cu ter\u021bi prestatori av\u00e2nd ca obiect transferul Afacerii dumneavoastr\u0103.<\/p>\n<p>Daca dori\u021bi o expunere mai buna a afacerii Dvs. pentru o eventuala v\u00e2nzare mai rapid\u0103 si expunerea acesteia c\u0103tre un num\u0103r mai mare de poten\u021biali cump\u0103r\u0103tori, pute\u021bi sa alege\u021bi unul sau mai multe moduri de promovare.<\/p>\n<p>In orice situa\u021bie,\u00a0Agen\u021bia p\u0103streaz\u0103 confiden\u021bialitatea datelor culese pe parcursul derul\u0103rii \u00eentregii colabor\u0103ri cu Dvs..<br \/>\nToate informa\u021biile confiden\u021biale sunt proprietatea Dumneavoastr\u0103, iar Agen\u021bia nu are nici un drept, direct sau implicit, asupra<br \/>\ntuturor informa\u021biilor confiden\u021biale.<\/p>\n<h2><a href=\"https:\/\/zavex.ro\/info-afacere\/\">Daca doriti sa incepeti colaborarea cu noi va rugam sa completati formularul aici.<\/a><\/h2>\n","protected":false},"excerpt":{"rendered":"<p>Preg\u0103tirea afacerii de v\u00e2nzare Consultan\u021b\u0103 \u0219i Culegerea Datelor necesare Completarea formularului cu informa\u021biile necesare Client\/broker Consultan\u021b\u0103 cu V\u00e2nz\u0103torul Online \/ Onsite Vizita la Afacere Broker Pozele necesare promov\u0103rii Client\/broker Evaluare Analiz\u0103 posibil pre\u021b pentru listarea afacerii Broker Analiz\u0103 posibil pre\u021b proprietate imobiliar\u0103 Broker Evaluare afacere cu evaluator ANEVAR Oferta personalizata Consultan\u021b\u0103 Fiscal\u0103 Oferta personalizata Consultan\u021b\u0103 [&hellip;]<\/p>\n","protected":false},"author":1,"featured_media":0,"parent":0,"menu_order":0,"comment_status":"closed","ping_status":"closed","template":"","meta":{"footnotes":""},"class_list":["post-318","page","type-page","status-publish","hentry"],"_links":{"self":[{"href":"https:\/\/zavex.ro\/ro_ro\/wp-json\/wp\/v2\/pages\/318","targetHints":{"allow":["GET"]}}],"collection":[{"href":"https:\/\/zavex.ro\/ro_ro\/wp-json\/wp\/v2\/pages"}],"about":[{"href":"https:\/\/zavex.ro\/ro_ro\/wp-json\/wp\/v2\/types\/page"}],"author":[{"embeddable":true,"href":"https:\/\/zavex.ro\/ro_ro\/wp-json\/wp\/v2\/users\/1"}],"replies":[{"embeddable":true,"href":"https:\/\/zavex.ro\/ro_ro\/wp-json\/wp\/v2\/comments?post=318"}],"version-history":[{"count":36,"href":"https:\/\/zavex.ro\/ro_ro\/wp-json\/wp\/v2\/pages\/318\/revisions"}],"predecessor-version":[{"id":85571,"href":"https:\/\/zavex.ro\/ro_ro\/wp-json\/wp\/v2\/pages\/318\/revisions\/85571"}],"wp:attachment":[{"href":"https:\/\/zavex.ro\/ro_ro\/wp-json\/wp\/v2\/media?parent=318"}],"curies":[{"name":"wp","href":"https:\/\/api.w.org\/{rel}","templated":true}]}}