{"id":15,"date":"2020-03-30T11:36:31","date_gmt":"2020-03-30T11:36:31","guid":{"rendered":"https:\/\/zavex.ro\/?page_id=15"},"modified":"2024-09-26T10:07:14","modified_gmt":"2024-09-26T10:07:14","slug":"consultanta-strategica","status":"publish","type":"page","link":"https:\/\/zavex.ro\/ro_ro\/","title":{"rendered":"Euroexpert srl &#8211; Consultanta pentru afaceri"},"content":{"rendered":"\n<p>Servicii oferite<\/p>\n\n\n\n<ul class=\"wp-block-list\">\n<li>Elaborare proiecte pentru accesarea finantarilor nerambursabile<\/li>\n\n\n\n<li>Consultanta pentru vanzarea \/ transferul afacerilor (determinarea valorii de piata a unei afaceri \/ evaluarea afacerilor)<\/li>\n\n\n\n<li>Vanzari afaceri<\/li>\n<\/ul>\n\n\n\n<p>Euroexpert&amp;CO &#8211; Despre noi<\/p>\n\n\n\n<p>Suntem un grup de brokeri \u0219i consultan\u021bi de afaceri rom\u00e2ni extrem de experimenta\u021bi, cu peste 20 de ani de serviciu dedicat \u00een transferul \u0219i consultan\u021ba \u00een afaceri. Our focus principal este de a asista at\u00e2t antreprenorii interni, c\u00e2t \u0219i pe cei str\u0103ini \u00een extinderea afacerilor lor \u0219i descoperirea de noi oportunit\u0103\u021bi \u00een Rom\u00e2nia \u0219i nu numai. Serviciile noastre cuprinz\u0103toare includ transferul de afaceri (M&amp;A), consultan\u021b\u0103 \u00een afaceri, dezvoltarea planurilor de afaceri \u0219i a memorandumurilor de informa\u021bii, accesarea ajutoarelor europene \u0219i altor resurse financiare, \u00eenfiin\u021barea de companii \u00een Rom\u00e2nia \u0219i servicii imobiliare \u00een sectoarele agriculturii \u0219i industriei. Colabora\u021bi cu noi pentru a descoperi poten\u021bialul afacerii dumneavoastr\u0103 \u0219i a ob\u021bine o cre\u0219tere durabil\u0103 \u00een pia\u021ba dinamic\u0103 de ast\u0103zi.<\/p>\n\n\n\n<p>De ce Rom\u00e2nia<\/p>\n\n\n\n<p>\u00cenceperea unei afaceri \u00een Rom\u00e2nia poate fi atractiv\u0103 din mai multe motive:<\/p>\n\n\n\n<p>\u2013 Loca\u021bie strategic\u0103: Loca\u021bia geografic\u0103 a Rom\u00e2niei ofer\u0103 acces u\u0219or la pie\u021bele din Europa, Orientul Mijlociu \u0219i nu numai, f\u0103c\u00e2nd din aceasta un hub strategic pentru opera\u021biuni comerciale.<\/p>\n\n\n\n<p>\u2013 Economie \u00een cre\u0219tere: Rom\u00e2nia a experimentat o cre\u0219tere economic\u0103 constant\u0103 \u00een ultimii ani, oferind oportunit\u0103\u021bi pentru noi afaceri s\u0103 prospere \u00eentr-o pia\u021b\u0103 stabil\u0103 \u0219i \u00een expansiune.<\/p>\n\n\n\n<p>\u2013 For\u021b\u0103 de munc\u0103 calificat\u0103: Rom\u00e2nia dispune de o for\u021b\u0103 de munc\u0103 bine educat\u0103 \u0219i calificat\u0103, \u00een special \u00een domenii precum IT, inginerie \u0219i manufacturing, facilit\u00e2nd g\u0103sirea angaja\u021bilor califica\u021bi pentru afacerea dumneavoastr\u0103.<\/p>\n\n\n\n<p>\u2013 Mediu de afaceri favorabil: Guvernul roman a implementat politici \u0219i stimulente favorabile afacerilor pentru a atrage investi\u021bii str\u0103ine, facilit\u00e2nd astfel \u00eenfiin\u021barea \u0219i desf\u0103\u0219urarea unei afaceri \u00een \u021bar\u0103.<\/p>\n\n\n\n<p>\u2013 Rentabilitate: Costurile opera\u021bionale \u00een Rom\u00e2nia sunt relativ mai mici comparativ cu alte \u021b\u0103ri europene, oferind op\u021biuni rentabile pentru afacerile care doresc s\u0103 \u00ee\u0219i stabileasc\u0103 o prezen\u021b\u0103 \u00een Europa.<\/p>\n\n\n\n<p>\u2013 Acces la pie\u021bele UE: Ca membru al Uniunii Europene, \u00eenfiin\u021barea unei afaceri \u00een Rom\u00e2nia ofer\u0103 acces la pia\u021ba UE, permi\u021b\u00e2nd afacerilor s\u0103 beneficieze de acorduri de comer\u021b liber \u0219i o baz\u0103 larg\u0103 de consumatori.<\/p>\n\n\n\n<p>\u2013 Inova\u021bie \u0219i tehnologie: Rom\u00e2nia are un sector tehnologic \u00een cre\u0219tere, cu un accent pe inova\u021bie \u0219i tehnologie, f\u0103c\u00e2nd-o o loca\u021bie ideal\u0103 pentru afacerile din industriile precum IT, dezvoltare software \u0219i cercetare.<\/p>\n\n\n\n<p>Aceste factorii combina\u021bi fac din Rom\u00e2nia o destina\u021bie atractiv\u0103 pentru antreprenorii care doresc s\u0103 \u00eenceap\u0103 sau s\u0103 \u00ee\u0219i extind\u0103 opera\u021biunile de afaceri.<\/p>\n\n\n\n<p>Principala noastr\u0103 propunere<\/p>\n\n\n\n<p>Energie regenerabil\u0103<\/p>\n\n\n\n<p>Ne specializ\u0103m \u00een solu\u021bii de energie regenerabil\u0103, \u00een special \u00een domeniul \u00een expansiune al energiei solare. Echipa noastr\u0103 reprezint\u0103 cu m\u00e2ndrie mai mul\u021bi v\u00e2nz\u0103tori rom\u00e2ni care ofer\u0103 parcuri fotovoltaice verde care sunt preg\u0103tite pentru dezvoltare. Aceste afaceri sunt toate preg\u0103tite pentru transfer c\u0103tre un nou investitor care este dornic s\u0103 p\u0103trund\u0103 \u00een domeniul energiei durabile \u0219i profitabile. Prin achizi\u021bionarea unuia dintre aceste parcuri fotovoltaice gata de construit, investitorii pot contribui nu doar la un viitor mai verde, ci \u0219i s\u0103 valorifice oportunit\u0103\u021bile \u00een cre\u0219tere din sectorul energiei regenerabile. Al\u0103tura\u021bi-v\u0103 nou\u0103 pentru a contura o lume mai sustenabil\u0103 \u00een timp ce asigura\u021bi o investi\u021bie solid\u0103 \u00een domeniul energiei regenerabile.<\/p>\n\n\n\n<p>Terenuri agricole \u0219i ferme<\/p>\n\n\n\n<p>Servim cu m\u00e2ndrie ca reprezentan\u021bi pentru proprietarii de terenuri specializa\u021bi \u00een propriet\u0103\u021bi agricole \u0219i ferme. Cu o \u00een\u021belegere profund\u0103 a sectorului agricol, facilit\u0103m conexiuni \u00eentre proprietarii de terenuri \u0219i poten\u021bialii cump\u0103r\u0103tori sau investitori care doresc s\u0103 p\u0103trund\u0103 \u00een lumea agriculturii \u0219i cultiv\u0103rii terenului. Re\u021beaua noastr\u0103 extins\u0103 \u0219i expertiza \u00een imobiliarele agricole ne permit s\u0103 prezent\u0103m o gam\u0103 de terenuri agricole de prim\u0103 calitate \u0219i ferme pentru p\u0103r\u021bile interesate. Fie c\u0103 dori\u021bi s\u0103 v\u0103 extinde\u021bi propriet\u0103\u021bile agricole, s\u0103 v\u0103 aventura\u021bi \u00een agricultur\u0103 sau s\u0103 face\u021bi investi\u021bii strategice \u00een sectorul agricol, suntem aici pentru a v\u0103 ghida \u00een fiecare etap\u0103 a procesului. Colabora\u021bi cu noi pentru a explora oportunit\u0103\u021bile \u00een agricultur\u0103 \u0219i pentru a dezv\u0103lui poten\u021bialul terenurilor \u0219i fermelor agricole pe care le reprezent\u0103m.<\/p>\n\n\n\n<p>Imobiliare pentru industrie<\/p>\n\n\n\n<p>\u00cen portofoliul nostru, oferim imobiliare de prim\u0103 calitate, adaptate pentru scopuri industriale. Aceasta include o gam\u0103 de terenuri \u0219i cl\u0103diri special selectate pentru dezvoltarea afacerilor de produc\u021bie. Aceste propriet\u0103\u021bi sunt dotate cu conexiuni esen\u021biale \u0219i utilit\u0103\u021bi necesare pentru a sus\u021bine opera\u021biunile industriale. Fie c\u0103 dori\u021bi s\u0103 \u00eenfiin\u021ba\u021bi o nou\u0103 instala\u021bie de produc\u021bie, s\u0103 v\u0103 extinde\u021bi opera\u021biunile industriale actuale sau s\u0103 face\u021bi investi\u021bii strategice \u00een sectorul industrial, portofoliul nostru dispune de loca\u021bii ideale care r\u0103spund acestor nevoi. Colabora\u021bi cu noi pentru a explora aceste oportunit\u0103\u021bi lucrative \u00een imobiliarele industriale \u0219i pentru a preg\u0103ti terenul pentru proiecte de produc\u021bie de succes \u00een medii bine echipate.<\/p>\n\n\n\n<p>Transfer de afaceri (M&amp;A)<\/p>\n\n\n\n<p>C\u00e2nd vine vorba de transferuri de afaceri \u0219i fuziuni \u0219i achizi\u021bii (M&amp;A), ne specializ\u0103m \u00een conectarea poten\u021bialilor cump\u0103r\u0103tori cu oportunit\u0103\u021bi profitabile. Dac\u0103 dori\u021bi s\u0103 achizi\u021biona\u021bi o companie profitabil\u0103 cu un bilan\u021b solid \u0219i un EBIDTA impresionant, portofoliul nostru diversificat ofer\u0103 o selec\u021bie de afaceri din diverse industrii. De la companii de mobil\u0103 la afaceri de cazare, ini\u021biative agricole, proiecte de energie regenerabil\u0103 \u0219i multe altele, v\u0103 putem prezenta o gam\u0103 de op\u021biuni care s\u0103 corespund\u0103 preferin\u021belor dumneavoastr\u0103 de investi\u021bie \u0219i obiectivelor strategice. Colabora\u021bi cu noi pentru a explora aceste oportunit\u0103\u021bi interesante de achizi\u021bie a afacerilor \u0219i pentru a face urm\u0103torul pas \u00een \u00eembun\u0103t\u0103\u021birea portofoliului dumneavoastr\u0103 cu \u00eentreprinderi consacrate \u0219i de succes.<\/p>\n\n\n\n<p><strong>Propunere de afaceri<\/strong><\/p>\n\n\n\n<p>V\u0103 rug\u0103m s\u0103 nu ezita\u021bi s\u0103 ne contacta\u021bi pentru mai multe informa\u021bii:<\/p>\n\n\n\n<p>Bogdan Zaval<\/p>\n\n\n\n<p>Broker<\/p>\n\n\n\n<p>Telefon mobil: (RO) +40 737 833 829<\/p>\n\n\n\n<p>Email: <a href=\"mailto:office@zavex.ro\">office@zavex.ro<\/a><\/p>\n\n\n\n<p><\/p>\n\n\n\n<p><\/p>\n","protected":false},"excerpt":{"rendered":"<p>Servicii oferite Euroexpert&amp;CO &#8211; Despre noi Suntem un grup de brokeri \u0219i consultan\u021bi de afaceri rom\u00e2ni extrem de experimenta\u021bi, cu peste 20 de ani de serviciu dedicat \u00een transferul \u0219i consultan\u021ba \u00een afaceri. Our focus principal este de a asista at\u00e2t antreprenorii interni, c\u00e2t \u0219i pe cei str\u0103ini \u00een extinderea afacerilor lor \u0219i descoperirea de [&hellip;]<\/p>\n","protected":false},"author":1,"featured_media":0,"parent":0,"menu_order":0,"comment_status":"closed","ping_status":"closed","template":"","meta":{"footnotes":""},"class_list":["post-15","page","type-page","status-publish","hentry"],"_links":{"self":[{"href":"https:\/\/zavex.ro\/ro_ro\/wp-json\/wp\/v2\/pages\/15","targetHints":{"allow":["GET"]}}],"collection":[{"href":"https:\/\/zavex.ro\/ro_ro\/wp-json\/wp\/v2\/pages"}],"about":[{"href":"https:\/\/zavex.ro\/ro_ro\/wp-json\/wp\/v2\/types\/page"}],"author":[{"embeddable":true,"href":"https:\/\/zavex.ro\/ro_ro\/wp-json\/wp\/v2\/users\/1"}],"replies":[{"embeddable":true,"href":"https:\/\/zavex.ro\/ro_ro\/wp-json\/wp\/v2\/comments?post=15"}],"version-history":[{"count":28,"href":"https:\/\/zavex.ro\/ro_ro\/wp-json\/wp\/v2\/pages\/15\/revisions"}],"predecessor-version":[{"id":85585,"href":"https:\/\/zavex.ro\/ro_ro\/wp-json\/wp\/v2\/pages\/15\/revisions\/85585"}],"wp:attachment":[{"href":"https:\/\/zavex.ro\/ro_ro\/wp-json\/wp\/v2\/media?parent=15"}],"curies":[{"name":"wp","href":"https:\/\/api.w.org\/{rel}","templated":true}]}}